{"id":191466,"date":"2023-05-02T06:31:56","date_gmt":"2023-05-02T06:31:56","guid":{"rendered":"https:\/\/comoencasarentals.com\/?page_id=191466"},"modified":"2026-04-29T08:12:24","modified_gmt":"2026-04-29T08:12:24","slug":"experiences","status":"publish","type":"page","link":"https:\/\/comoencasarentals.com\/es\/experiences\/","title":{"rendered":"Experiencias"},"content":{"rendered":"<div data-elementor-type=\"wp-page\" data-elementor-id=\"191466\" class=\"elementor elementor-191466\" data-elementor-post-type=\"page\">\n\t\t\t\t<div class=\"elementor-element elementor-element-e912b9b e-flex e-con-boxed e-con e-parent\" data-id=\"e912b9b\" data-element_type=\"container\" data-e-type=\"container\" data-settings=\"{&quot;jet_parallax_layout_list&quot;:[],&quot;background_background&quot;:&quot;classic&quot;}\">\n\t\t\t\t\t<div class=\"e-con-inner\">\n\t\t<div class=\"elementor-element elementor-element-62fd851 e-con-full e-flex e-con e-child\" data-id=\"62fd851\" data-element_type=\"container\" data-e-type=\"container\" data-settings=\"{&quot;jet_parallax_layout_list&quot;:[]}\">\n\t\t\t\t<div class=\"elementor-element elementor-element-63f8d9d elementor-widget elementor-widget-heading\" data-id=\"63f8d9d\" data-element_type=\"widget\" data-e-type=\"widget\" data-widget_type=\"heading.default\">\n\t\t\t\t<div class=\"elementor-widget-container\">\n\t\t\t\t\t<h1 class=\"elementor-heading-title elementor-size-default\">Costa Rica es la experiencia<\/h1>\t\t\t\t<\/div>\n\t\t\t\t<\/div>\n\t\t\t\t<div class=\"elementor-element elementor-element-0df4bd0 elementor-widget elementor-widget-heading\" data-id=\"0df4bd0\" data-element_type=\"widget\" data-e-type=\"widget\" data-widget_type=\"heading.default\">\n\t\t\t\t<div class=\"elementor-widget-container\">\n\t\t\t\t\t<span class=\"elementor-heading-title elementor-size-default\">Simplemente te pusimos en medio de todo.<\/span>\t\t\t\t<\/div>\n\t\t\t\t<\/div>\n\t\t\t\t<\/div>\n\t\t\t\t\t<\/div>\n\t\t\t\t<\/div>\n\t\t<div class=\"elementor-element elementor-element-05caf34 e-flex e-con-boxed e-con e-parent\" data-id=\"05caf34\" data-element_type=\"container\" data-e-type=\"container\" data-settings=\"{&quot;background_background&quot;:&quot;classic&quot;,&quot;jet_parallax_layout_list&quot;:[]}\">\n\t\t\t\t\t<div class=\"e-con-inner\">\n\t\t<div class=\"elementor-element elementor-element-041d23e e-con-full animated-fast e-flex elementor-invisible e-con e-child\" data-id=\"041d23e\" data-element_type=\"container\" data-e-type=\"container\" data-settings=\"{&quot;animation&quot;:&quot;fadeIn&quot;,&quot;animation_delay&quot;:750,&quot;jet_parallax_layout_list&quot;:[]}\">\n\t\t\t\t<div class=\"elementor-element elementor-element-bc30de1 elementor-widget elementor-widget-heading\" data-id=\"bc30de1\" data-element_type=\"widget\" data-e-type=\"widget\" data-widget_type=\"heading.default\">\n\t\t\t\t<div class=\"elementor-widget-container\">\n\t\t\t\t\t<h2 class=\"elementor-heading-title elementor-size-default\">Qu\u00e9 hacer en Jac\u00f3, Alajuela y San Jos\u00e9<\/h2>\t\t\t\t<\/div>\n\t\t\t\t<\/div>\n\t\t\t\t<div class=\"elementor-element elementor-element-20898b3 elementor-widget elementor-widget-text-editor\" data-id=\"20898b3\" data-element_type=\"widget\" data-e-type=\"widget\" data-widget_type=\"text-editor.default\">\n\t\t\t\t<div class=\"elementor-widget-container\">\n\t\t\t\t\t\t\t\t\t<p>Costa Rica es uno de los pa\u00edses con mayor riqueza natural del planeta. Volcanes, selvas tropicales, olas del Pac\u00edfico, fauna salvaje, aguas termales, cascadas y algunos de los mejores platos de Centroam\u00e9rica: todo al alcance de tu mano desde cualquier lugar donde te alojes con Como en Casa.<\/p><p>Desde una clase de surf matutina en Playa Jac\u00f3 hasta una caminata para observar la fauna en el Parque Nacional Carara, desde cenar en una terraza en el distrito de Escalante de San Jos\u00e9 hasta avistar cocodrilos desde el puente del r\u00edo T\u00e1rcoles, Costa Rica ofrece momentos que no necesitan filtros.<\/p>\t\t\t\t\t\t\t\t<\/div>\n\t\t\t\t<\/div>\n\t\t\t\t<\/div>\n\t\t\t\t\t<\/div>\n\t\t\t\t<\/div>\n\t\t<div class=\"elementor-element elementor-element-f0c4f4f e-flex e-con-boxed e-con e-parent\" data-id=\"f0c4f4f\" data-element_type=\"container\" data-e-type=\"container\" data-settings=\"{&quot;jet_parallax_layout_list&quot;:[]}\">\n\t\t\t\t\t<div class=\"e-con-inner\">\n\t\t\t\t<div class=\"elementor-element elementor-element-feeb9c2 elementor-widget elementor-widget-html\" data-id=\"feeb9c2\" data-element_type=\"widget\" data-e-type=\"widget\" data-widget_type=\"html.default\">\n\t\t\t\t<div class=\"elementor-widget-container\">\n\t\t\t\t\t<div data-vi-partner-id=\"P00298864\" data-vi-widget-ref=\"W-209c60b9-8f0c-425d-a4e6-0fe51a4adc9f\"><\/div>\r\n<script async src=\"https:\/\/www.viator.com\/orion\/partner\/widget.js\"><\/script>\t\t\t\t<\/div>\n\t\t\t\t<\/div>\n\t\t\t\t<div class=\"elementor-element elementor-element-b20c0b3 elementor-widget elementor-widget-html\" data-id=\"b20c0b3\" data-element_type=\"widget\" data-e-type=\"widget\" data-widget_type=\"html.default\">\n\t\t\t\t<div class=\"elementor-widget-container\">\n\t\t\t\t\t<div data-vi-partner-id=\"P00298864\" data-vi-widget-ref=\"W-bd4de4c7-5546-4da2-b226-cba60d8d94ed\"><\/div>\r\n<script async src=\"https:\/\/www.viator.com\/orion\/partner\/widget.js\"><\/script>\t\t\t\t<\/div>\n\t\t\t\t<\/div>\n\t\t\t\t<div class=\"elementor-element elementor-element-96c1c82 elementor-widget elementor-widget-html\" data-id=\"96c1c82\" data-element_type=\"widget\" data-e-type=\"widget\" data-widget_type=\"html.default\">\n\t\t\t\t<div class=\"elementor-widget-container\">\n\t\t\t\t\t<div data-vi-partner-id=\"P00298864\" data-vi-widget-ref=\"W-668abcba-7730-4445-ac19-12e1a9c84f2e\"><\/div>\r\n<script async src=\"https:\/\/www.viator.com\/orion\/partner\/widget.js\"><\/script>\t\t\t\t<\/div>\n\t\t\t\t<\/div>\n\t\t\t\t\t<\/div>\n\t\t\t\t<\/div>\n\t\t<div class=\"elementor-element elementor-element-3e384c1 e-flex e-con-boxed e-con e-parent\" data-id=\"3e384c1\" data-element_type=\"container\" data-e-type=\"container\" data-settings=\"{&quot;jet_parallax_layout_list&quot;:[],&quot;background_background&quot;:&quot;classic&quot;}\">\n\t\t\t\t\t<div class=\"e-con-inner\">\n\t\t<div class=\"elementor-element elementor-element-28e1df5 e-con-full e-flex e-con e-child\" data-id=\"28e1df5\" data-element_type=\"container\" data-e-type=\"container\" data-settings=\"{&quot;jet_parallax_layout_list&quot;:[]}\">\n\t\t\t\t<\/div>\n\t\t\t\t\t<\/div>\n\t\t\t\t<\/div>\n\t\t\t\t<\/div>","protected":false},"excerpt":{"rendered":"<p>Costa Rica Is the Experience We Just Put You in the Middle of It. Things to Do in Jaco, Alajuela &amp; San Jos\u00e9 Costa Rica is one of the most naturally rich countries on earth. Volcanoes, rainforests, Pacific surf, wildlife, hot springs, waterfalls, and some of the best food in Central America \u2014 all within [&hellip;]<\/p>\n","protected":false},"author":2,"featured_media":0,"parent":0,"menu_order":0,"comment_status":"closed","ping_status":"closed","template":"","meta":{"_acf_changed":false,"footnotes":""},"class_list":["post-191466","page","type-page","status-publish","hentry"],"acf":[],"_links":{"self":[{"href":"https:\/\/comoencasarentals.com\/es\/wp-json\/wp\/v2\/pages\/191466","targetHints":{"allow":["GET"]}}],"collection":[{"href":"https:\/\/comoencasarentals.com\/es\/wp-json\/wp\/v2\/pages"}],"about":[{"href":"https:\/\/comoencasarentals.com\/es\/wp-json\/wp\/v2\/types\/page"}],"author":[{"embeddable":true,"href":"https:\/\/comoencasarentals.com\/es\/wp-json\/wp\/v2\/users\/2"}],"replies":[{"embeddable":true,"href":"https:\/\/comoencasarentals.com\/es\/wp-json\/wp\/v2\/comments?post=191466"}],"version-history":[{"count":35,"href":"https:\/\/comoencasarentals.com\/es\/wp-json\/wp\/v2\/pages\/191466\/revisions"}],"predecessor-version":[{"id":199778,"href":"https:\/\/comoencasarentals.com\/es\/wp-json\/wp\/v2\/pages\/191466\/revisions\/199778"}],"wp:attachment":[{"href":"https:\/\/comoencasarentals.com\/es\/wp-json\/wp\/v2\/media?parent=191466"}],"curies":[{"name":"wp","href":"https:\/\/api.w.org\/{rel}","templated":true}]}}