{"id":196974,"date":"2024-11-20T11:06:56","date_gmt":"2024-11-20T11:06:56","guid":{"rendered":"https:\/\/comoencasarentals.com\/?page_id=196974"},"modified":"2026-04-28T08:46:41","modified_gmt":"2026-04-28T08:46:41","slug":"terms-and-conditions","status":"publish","type":"page","link":"https:\/\/comoencasarentals.com\/es\/terms-and-conditions\/","title":{"rendered":"T\u00e9rminos y condiciones"},"content":{"rendered":"<div data-elementor-type=\"wp-page\" data-elementor-id=\"196974\" class=\"elementor elementor-196974\" data-elementor-post-type=\"page\">\n\t\t\t\t<div class=\"elementor-element elementor-element-fcca0c6 e-flex e-con-boxed e-con e-parent\" data-id=\"fcca0c6\" data-element_type=\"container\" data-e-type=\"container\" data-settings=\"{&quot;jet_parallax_layout_list&quot;:[],&quot;background_background&quot;:&quot;classic&quot;}\">\n\t\t\t\t\t<div class=\"e-con-inner\">\n\t\t<div class=\"elementor-element elementor-element-37c4800 e-con-full e-flex e-con e-child\" data-id=\"37c4800\" data-element_type=\"container\" data-e-type=\"container\" data-settings=\"{&quot;jet_parallax_layout_list&quot;:[]}\">\n\t\t\t\t<div class=\"elementor-element elementor-element-f1886a7 elementor-widget elementor-widget-heading\" data-id=\"f1886a7\" data-element_type=\"widget\" data-e-type=\"widget\" data-widget_type=\"heading.default\">\n\t\t\t\t<div class=\"elementor-widget-container\">\n\t\t\t\t\t<h1 class=\"elementor-heading-title elementor-size-default\">T\u00e9rminos y condiciones<\/h1>\t\t\t\t<\/div>\n\t\t\t\t<\/div>\n\t\t\t\t<\/div>\n\t\t\t\t\t<\/div>\n\t\t\t\t<\/div>\n\t\t\t\t<section class=\"elementor-section elementor-top-section elementor-element elementor-element-6e5edd4 elementor-section-boxed elementor-section-height-default elementor-section-height-default\" data-id=\"6e5edd4\" data-element_type=\"section\" data-e-type=\"section\" data-settings=\"{&quot;jet_parallax_layout_list&quot;:[],&quot;background_background&quot;:&quot;classic&quot;}\">\n\t\t\t\t\t\t<div class=\"elementor-container elementor-column-gap-default\">\n\t\t\t\t\t<div class=\"elementor-column elementor-col-100 elementor-top-column elementor-element elementor-element-f2b9411\" data-id=\"f2b9411\" data-element_type=\"column\" data-e-type=\"column\">\n\t\t\t<div class=\"elementor-widget-wrap elementor-element-populated\">\n\t\t\t\t\t\t<div class=\"elementor-element elementor-element-91ced21 elementor-widget elementor-widget-text-editor\" data-id=\"91ced21\" data-element_type=\"widget\" data-e-type=\"widget\" data-widget_type=\"text-editor.default\">\n\t\t\t\t<div class=\"elementor-widget-container\">\n\t\t\t\t\t\t\t\t\t<p data-start=\"314\" data-end=\"573\">Bienvenido\/a. Al acceder a este sitio web, enviar una consulta o reservar una propiedad, usted acepta regirse por los t\u00e9rminos y condiciones que se detallan a continuaci\u00f3n. Este acuerdo constituye un entendimiento legal entre usted (el usuario o hu\u00e9sped) y el operador de este sitio.<\/p><p data-start=\"575\" data-end=\"666\">Por favor, lea atentamente los siguientes t\u00e9rminos y condiciones de alquiler vacacional antes de continuar.<\/p><hr data-start=\"668\" data-end=\"671\" \/><h2 data-start=\"673\" data-end=\"691\">1. Introducci\u00f3n<\/h2><p data-start=\"693\" data-end=\"1086\">Estos T\u00e9rminos y Condiciones rigen el uso de este sitio web y la reserva de cualquier propiedad vacacional a corto plazo que se anuncie aqu\u00ed. Al usar este sitio web o completar una reserva, usted reconoce haber le\u00eddo, comprendido y aceptado estos t\u00e9rminos y condiciones. Si no est\u00e1 de acuerdo con alguna parte de estos t\u00e9rminos, no debe continuar usando el sitio ni reservar una estancia.<\/p><hr data-start=\"1088\" data-end=\"1091\" \/><h2 data-start=\"1093\" data-end=\"1112\">2. Condiciones de reserva<\/h2><p data-start=\"1114\" data-end=\"1288\">Las propiedades que aparecen en este sitio web pueden reservarse directamente a trav\u00e9s del sitio o mediante plataformas de terceros. El proceso de reserva variar\u00e1 seg\u00fan la plataforma utilizada.<\/p><ul data-start=\"1290\" data-end=\"1771\"><li data-start=\"1290\" data-end=\"1354\"><p data-start=\"1292\" data-end=\"1354\"><strong data-start=\"1292\" data-end=\"1307\">Edad m\u00ednima<\/strong>Los hu\u00e9spedes deben tener al menos 21 a\u00f1os para reservar.<\/p><\/li><li data-start=\"1355\" data-end=\"1454\"><p data-start=\"1357\" data-end=\"1454\"><strong data-start=\"1357\" data-end=\"1375\">Identificaci\u00f3n<\/strong>Es posible que se requiera una identificaci\u00f3n oficial v\u00e1lida antes o al momento del registro.<\/p><\/li><li data-start=\"1455\" data-end=\"1605\"><p data-start=\"1457\" data-end=\"1605\"><strong data-start=\"1457\" data-end=\"1469\">Pagos<\/strong>Normalmente se requiere un dep\u00f3sito o el pago completo al momento de la reserva. Las condiciones de pago espec\u00edficas se detallar\u00e1n antes de la confirmaci\u00f3n.<\/p><\/li><li data-start=\"1606\" data-end=\"1771\"><p data-start=\"1608\" data-end=\"1771\"><strong data-start=\"1608\" data-end=\"1623\">Normas de la casa<\/strong>Es necesario aceptar las normas de la casa. Estas pueden incluir pol\u00edticas sobre ruido, l\u00edmites de hu\u00e9spedes, horarios de entrada y salida, y uso de las instalaciones.<\/p><\/li><\/ul><p data-start=\"1773\" data-end=\"1852\">El incumplimiento de las condiciones de la reserva puede conllevar la cancelaci\u00f3n sin derecho a reembolso.<\/p><hr data-start=\"1854\" data-end=\"1857\" \/><h2 data-start=\"1859\" data-end=\"1888\">3. Cancelaciones y reembolsos<\/h2><p data-start=\"1890\" data-end=\"2001\">La pol\u00edtica de cancelaci\u00f3n y reembolso se indicar\u00e1 claramente durante el proceso de reserva. Las pol\u00edticas t\u00edpicas incluyen:<\/p><ul data-start=\"2003\" data-end=\"2217\"><li data-start=\"2003\" data-end=\"2078\"><p data-start=\"2005\" data-end=\"2078\"><strong data-start=\"2005\" data-end=\"2020\">Reembolso completo<\/strong>: Para cancelaciones realizadas con m\u00e1s de 30 d\u00edas de antelaci\u00f3n a la llegada.<\/p><\/li><li data-start=\"2079\" data-end=\"2150\"><p data-start=\"2081\" data-end=\"2150\"><strong data-start=\"2081\" data-end=\"2099\">Reembolso parcial<\/strong>: Para cancelaciones realizadas entre 14 y 30 d\u00edas antes de la llegada.<\/p><\/li><li data-start=\"2151\" data-end=\"2217\"><p data-start=\"2153\" data-end=\"2217\"><strong data-start=\"2153\" data-end=\"2166\">Sin reembolso<\/strong>: Para cancelaciones realizadas dentro de los 14 d\u00edas previos a la llegada.<\/p><\/li><\/ul><p data-start=\"2219\" data-end=\"2398\">Si la reserva se realiza a trav\u00e9s de una plataforma de terceros (como Airbnb, Vrbo, etc.), se aplicar\u00e1n sus respectivas pol\u00edticas de cancelaci\u00f3n y reembolso, que pueden diferir de las enumeradas anteriormente.<\/p><hr data-start=\"2400\" data-end=\"2403\" \/><h2 data-start=\"2405\" data-end=\"2433\">4. Responsabilidades de los hu\u00e9spedes<\/h2><p data-start=\"2435\" data-end=\"2535\">Los hu\u00e9spedes se comprometen a tratar la propiedad y sus alrededores con cuidado y respeto durante toda su estancia.<\/p><ul data-start=\"2537\" data-end=\"3046\"><li data-start=\"2537\" data-end=\"2626\"><p data-start=\"2539\" data-end=\"2626\"><strong data-start=\"2539\" data-end=\"2567\">Cumplimiento de las normas de la casa<\/strong>Los hu\u00e9spedes deben cumplir con todas las normas publicadas o comunicadas.<\/p><\/li><li data-start=\"2627\" data-end=\"2725\"><p data-start=\"2629\" data-end=\"2725\"><strong data-start=\"2629\" data-end=\"2649\">L\u00edmites de ocupaci\u00f3n<\/strong>: Solo podr\u00e1 pernoctar el n\u00famero de hu\u00e9spedes especificado en la reserva.<\/p><\/li><li data-start=\"2726\" data-end=\"2818\"><p data-start=\"2728\" data-end=\"2818\"><strong data-start=\"2728\" data-end=\"2748\">Fiestas y eventos<\/strong>Se proh\u00edben estrictamente las reuniones, fiestas o eventos no autorizados.<\/p><\/li><li data-start=\"2819\" data-end=\"2945\"><p data-start=\"2821\" data-end=\"2945\"><strong data-start=\"2821\" data-end=\"2832\">Da\u00f1os y perjuicios<\/strong>Los hu\u00e9spedes son responsables econ\u00f3micamente de cualquier da\u00f1o, limpieza excesiva o p\u00e9rdida de objetos que se produzcan durante su estancia.<\/p><\/li><li data-start=\"2946\" data-end=\"3046\"><p data-start=\"2948\" data-end=\"3046\"><strong data-start=\"2948\" data-end=\"2966\">Mascotas y tabaquismo<\/strong>A menos que se autorice expl\u00edcitamente, no se permiten mascotas ni fumar en las instalaciones.<\/p><\/li><\/ul><p data-start=\"3048\" data-end=\"3151\">El incumplimiento de las responsabilidades del hu\u00e9sped puede conllevar el desalojo y\/o cargos por da\u00f1os o limpieza adicional.<\/p><hr data-start=\"3153\" data-end=\"3156\" \/><h2 data-start=\"3158\" data-end=\"3178\">5. Uso del sitio web<\/h2><p data-start=\"3180\" data-end=\"3271\">Los usuarios se comprometen a no participar en ninguna actividad no autorizada o ilegal al utilizar este sitio web.<\/p><p data-start=\"3273\" data-end=\"3325\">Entre las conductas prohibidas se incluyen, entre otras:<\/p><ul data-start=\"3327\" data-end=\"3488\"><li data-start=\"3327\" data-end=\"3377\"><p data-start=\"3329\" data-end=\"3377\">Intentar vulnerar o comprometer la seguridad del sitio<\/p><\/li><li data-start=\"3378\" data-end=\"3421\"><p data-start=\"3380\" data-end=\"3421\">Enviar spam o mensajes no solicitados<\/p><\/li><li data-start=\"3422\" data-end=\"3488\"><p data-start=\"3424\" data-end=\"3488\">Extraer, duplicar o hacer mal uso del contenido o los datos del sitio.<\/p><\/li><\/ul><p data-start=\"3490\" data-end=\"3654\">Todo el contenido de este sitio web es propiedad intelectual de su propietario, salvo que se indique lo contrario. Queda prohibida su reproducci\u00f3n o redistribuci\u00f3n sin autorizaci\u00f3n.<\/p><hr data-start=\"3656\" data-end=\"3659\" \/><h2 data-start=\"3661\" data-end=\"3687\">6. Exenci\u00f3n de responsabilidad<\/h2><p data-start=\"3689\" data-end=\"3756\">El operador de este sitio y sus socios no son responsables de:<\/p><ul data-start=\"3758\" data-end=\"4065\"><li data-start=\"3758\" data-end=\"3839\"><p data-start=\"3760\" data-end=\"3839\"><strong data-start=\"3760\" data-end=\"3778\">Problemas con el sitio web<\/strong>Indisponibilidad temporal, imprecisiones o errores t\u00e9cnicos.<\/p><\/li><li data-start=\"3840\" data-end=\"3925\"><p data-start=\"3842\" data-end=\"3925\"><strong data-start=\"3842\" data-end=\"3861\">Incidentes con hu\u00e9spedes<\/strong>Lesiones, accidentes, p\u00e9rdidas o robos ocurridos durante una estancia.<\/p><\/li><li data-start=\"3926\" data-end=\"4065\"><p data-start=\"3928\" data-end=\"4065\"><strong data-start=\"3928\" data-end=\"3945\">Fuerza mayor<\/strong>: Retrasos o cancelaciones debido a desastres naturales, condiciones clim\u00e1ticas adversas, huelgas, acciones gubernamentales u otros eventos incontrolables<\/p><\/li><\/ul><p data-start=\"4067\" data-end=\"4157\">Se recomienda a los hu\u00e9spedes que contraten un seguro de viaje y m\u00e9dico adecuado antes de su estancia.<\/p><hr data-start=\"4159\" data-end=\"4162\" \/><h2 data-start=\"4164\" data-end=\"4187\">7. Referencia de privacidad<\/h2><p data-start=\"4189\" data-end=\"4414\">El uso de este sitio web est\u00e1 sujeto a las pr\u00e1cticas de privacidad descritas en la Pol\u00edtica de Privacidad adjunta. Se recomienda a los usuarios que revisen dicha pol\u00edtica para comprender c\u00f3mo se recopila, utiliza y protege su informaci\u00f3n personal.<\/p><hr data-start=\"4416\" data-end=\"4419\" \/><h2 data-start=\"4421\" data-end=\"4443\">8. Cambios en los t\u00e9rminos<\/h2><p data-start=\"4445\" data-end=\"4695\">Estos t\u00e9rminos y condiciones pueden actualizarse peri\u00f3dicamente. Es responsabilidad del usuario o hu\u00e9sped revisar esta p\u00e1gina para comprobar si hay actualizaciones antes de reservar. El uso continuado del sitio tras la publicaci\u00f3n de los cambios implica la aceptaci\u00f3n de los t\u00e9rminos revisados.<\/p><hr data-start=\"4697\" data-end=\"4700\" \/><h2 data-start=\"4702\" data-end=\"4715\">9. Contacto<\/h2><p data-start=\"4717\" data-end=\"4865\">Para cualquier pregunta relacionada con estos T\u00e9rminos y Condiciones, los usuarios deben utilizar el formulario de contacto o el canal de comunicaci\u00f3n correspondiente que se proporciona en el sitio.<\/p>\t\t\t\t\t\t\t\t<\/div>\n\t\t\t\t<\/div>\n\t\t\t\t\t<\/div>\n\t\t<\/div>\n\t\t\t\t\t<\/div>\n\t\t<\/section>\n\t\t\t\t<\/div>","protected":false},"excerpt":{"rendered":"<p>Welcome. By accessing this website, submitting an inquiry, or booking a property, you agree to be bound by the terms and conditions outlined below. This agreement constitutes a legal understanding between you (the user or guest) and the operator of this site. Please read the following vacation rental terms and conditions carefully before proceeding. 1. [&hellip;]<\/p>\n","protected":false},"author":2,"featured_media":0,"parent":0,"menu_order":0,"comment_status":"closed","ping_status":"closed","template":"","meta":{"_acf_changed":false,"footnotes":""},"class_list":["post-196974","page","type-page","status-publish","hentry"],"acf":[],"_links":{"self":[{"href":"https:\/\/comoencasarentals.com\/es\/wp-json\/wp\/v2\/pages\/196974","targetHints":{"allow":["GET"]}}],"collection":[{"href":"https:\/\/comoencasarentals.com\/es\/wp-json\/wp\/v2\/pages"}],"about":[{"href":"https:\/\/comoencasarentals.com\/es\/wp-json\/wp\/v2\/types\/page"}],"author":[{"embeddable":true,"href":"https:\/\/comoencasarentals.com\/es\/wp-json\/wp\/v2\/users\/2"}],"replies":[{"embeddable":true,"href":"https:\/\/comoencasarentals.com\/es\/wp-json\/wp\/v2\/comments?post=196974"}],"version-history":[{"count":9,"href":"https:\/\/comoencasarentals.com\/es\/wp-json\/wp\/v2\/pages\/196974\/revisions"}],"predecessor-version":[{"id":199764,"href":"https:\/\/comoencasarentals.com\/es\/wp-json\/wp\/v2\/pages\/196974\/revisions\/199764"}],"wp:attachment":[{"href":"https:\/\/comoencasarentals.com\/es\/wp-json\/wp\/v2\/media?parent=196974"}],"curies":[{"name":"wp","href":"https:\/\/api.w.org\/{rel}","templated":true}]}}